{"id":122,"date":"2021-09-16T02:11:37","date_gmt":"2021-09-16T00:11:37","guid":{"rendered":"https:\/\/www.artpixel.fr\/studio\/?page_id=122"},"modified":"2025-08-05T13:21:24","modified_gmt":"2025-08-05T11:21:24","slug":"animation-3d","status":"publish","type":"page","link":"https:\/\/www.artpixel.fr\/studio\/animation-3d\/","title":{"rendered":"animation3d"},"content":{"rendered":"\n[et_pb_section fb_built=\u00a0\u00bb1&Prime; _builder_version=\u00a0\u00bb4.16&Prime; _module_preset=\u00a0\u00bbdefault\u00a0\u00bb background_enable_image=\u00a0\u00bboff\u00a0\u00bb background_size=\u00a0\u00bbinitial\u00a0\u00bb background_position=\u00a0\u00bbbottom_left\u00a0\u00bb max_width=\u00a0\u00bb85%\u00a0\u00bb global_colors_info=\u00a0\u00bb{}\u00a0\u00bb][et_pb_row column_structure=\u00a0\u00bb1_2,1_2&Prime; _builder_version=\u00a0\u00bb4.16&Prime; _module_preset=\u00a0\u00bbdefault\u00a0\u00bb custom_margin=\u00a0\u00bb|auto|25px|auto||\u00a0\u00bb custom_padding=\u00a0\u00bb||4px|||\u00a0\u00bb global_colors_info=\u00a0\u00bb{}\u00a0\u00bb][et_pb_column type=\u00a0\u00bb1_2&Prime; _builder_version=\u00a0\u00bb4.16&Prime; _module_preset=\u00a0\u00bbdefault\u00a0\u00bb global_colors_info=\u00a0\u00bb{}\u00a0\u00bb][\/et_pb_column][et_pb_column type=\u00a0\u00bb1_2&Prime; _builder_version=\u00a0\u00bb4.16&Prime; _module_preset=\u00a0\u00bbdefault\u00a0\u00bb global_colors_info=\u00a0\u00bb{}\u00a0\u00bb][\/et_pb_column][\/et_pb_row][et_pb_row column_structure=\u00a0\u00bb1_4,3_4&Prime; _builder_version=\u00a0\u00bb4.16&Prime; _module_preset=\u00a0\u00bbdefault\u00a0\u00bb custom_margin=\u00a0\u00bb-50px|auto|-7px|auto|false|false\u00a0\u00bb custom_padding=\u00a0\u00bb0px||0px|||\u00a0\u00bb global_colors_info=\u00a0\u00bb{}\u00a0\u00bb][et_pb_column type=\u00a0\u00bb1_4&Prime; _builder_version=\u00a0\u00bb4.16&Prime; _module_preset=\u00a0\u00bbdefault\u00a0\u00bb global_colors_info=\u00a0\u00bb{}\u00a0\u00bb][\/et_pb_column][et_pb_column type=\u00a0\u00bb3_4&Prime; _builder_version=\u00a0\u00bb4.16&Prime; _module_preset=\u00a0\u00bbdefault\u00a0\u00bb global_colors_info=\u00a0\u00bb{}\u00a0\u00bb][et_pb_text _builder_version=\u00a0\u00bb4.16&Prime; _module_preset=\u00a0\u00bbdefault\u00a0\u00bb text_font=\u00a0\u00bbRaleway|300|||||||\u00a0\u00bb text_text_color=\u00a0\u00bb#686868&Prime; text_font_size=\u00a0\u00bb36px\u00a0\u00bb text_line_height=\u00a0\u00bb1em\u00a0\u00bb text_orientation=\u00a0\u00bbright\u00a0\u00bb min_height=\u00a0\u00bb10px\u00a0\u00bb custom_margin=\u00a0\u00bb||6px|||\u00a0\u00bb custom_padding=\u00a0\u00bb0px||0px|||\u00a0\u00bb global_colors_info=\u00a0\u00bb{}\u00a0\u00bb]<p style=\"text-align: right;\">animation 3d<\/p>[\/et_pb_text][et_pb_text _builder_version=\u00a0\u00bb4.16&Prime; _module_preset=\u00a0\u00bbdefault\u00a0\u00bb text_font=\u00a0\u00bbRaleway|300|||||||\u00a0\u00bb text_text_color=\u00a0\u00bb#7a94a3&Prime; text_font_size=\u00a0\u00bb21px\u00a0\u00bb text_line_height=\u00a0\u00bb1em\u00a0\u00bb custom_padding=\u00a0\u00bb0px|||||\u00a0\u00bb global_colors_info=\u00a0\u00bb{}\u00a0\u00bb]<p style=\"text-align: right;\">Fort d\u2019une exp\u00e9rience de plus de 25 ans dans la cr\u00e9ation d\u2019images de synth\u00e8ses pour notamment de grands studios broadcast ou de plus petites agences de communication, je suis en mesure de r\u00e9pondre \u00e0 un grand nombre de vos besoins, tout en garantissant un service de qualit\u00e9 accessible \u00e0 tout budjet.\u00a0<\/p>[\/et_pb_text][et_pb_code _builder_version=\u00a0\u00bb4.24.0&Prime; _module_preset=\u00a0\u00bbdefault\u00a0\u00bb text_orientation=\u00a0\u00bbright\u00a0\u00bb global_colors_info=\u00a0\u00bb{}\u00a0\u00bb]<video  autoplay muted loop width=\"600\" controls=\"controls\"><!-- [et_pb_line_break_holder] -->    <source src=\"https:\/\/www.artpixel.fr\/studio\/wp-content\/uploads\/2021\/09\/Demoreel-Artpixel-Animation-3d.mp4\"<!-- [et_pb_line_break_holder] -->            type=\u00a0\u00bbvideo\/mp4&Prime;><!-- [et_pb_line_break_holder] --><\/video>[\/et_pb_code][\/et_pb_column][\/et_pb_row][et_pb_row column_structure=\u00a0\u00bb1_2,1_2&Prime; admin_label=\u00a0\u00bbLigne tache eau\u00a0\u00bb _builder_version=\u00a0\u00bb4.16&Prime; _module_preset=\u00a0\u00bbdefault\u00a0\u00bb background_image=\u00a0\u00bbhttps:\/\/www.artpixel.fr\/studio\/wp-content\/uploads\/2021\/09\/wavGG-Animation-3d.jpg\u00a0\u00bb background_size=\u00a0\u00bbinitial\u00a0\u00bb background_position=\u00a0\u00bbcenter_right\u00a0\u00bb max_width=\u00a0\u00bb840px\u00a0\u00bb height=\u00a0\u00bb721px\u00a0\u00bb custom_margin=\u00a0\u00bb-210px|50%||-2px|false|false\u00a0\u00bb custom_padding=\u00a0\u00bb0px|||0px|false|false\u00a0\u00bb global_colors_info=\u00a0\u00bb{}\u00a0\u00bb][et_pb_column type=\u00a0\u00bb1_2&Prime; _builder_version=\u00a0\u00bb4.16&Prime; _module_preset=\u00a0\u00bbdefault\u00a0\u00bb global_colors_info=\u00a0\u00bb{}\u00a0\u00bb][\/et_pb_column][et_pb_column type=\u00a0\u00bb1_2&Prime; _builder_version=\u00a0\u00bb4.16&Prime; _module_preset=\u00a0\u00bbdefault\u00a0\u00bb global_colors_info=\u00a0\u00bb{}\u00a0\u00bb][et_pb_divider show_divider=\u00a0\u00bboff\u00a0\u00bb _builder_version=\u00a0\u00bb4.16&Prime; _module_preset=\u00a0\u00bbdefault\u00a0\u00bb height=\u00a0\u00bb250px\u00a0\u00bb global_colors_info=\u00a0\u00bb{}\u00a0\u00bb][\/et_pb_divider][\/et_pb_column][\/et_pb_row][\/et_pb_section]\n","protected":false},"excerpt":{"rendered":"<p>animation 3dFort d\u2019une exp\u00e9rience de plus de 25 ans dans la cr\u00e9ation d\u2019images de synth\u00e8ses pour notamment de grands studios broadcast ou de plus petites agences de communication, je suis en mesure de r\u00e9pondre \u00e0 un grand nombre de vos besoins, tout en garantissant un service de qualit\u00e9 accessible \u00e0 tout budjet.\u00a0<\/p>\n","protected":false},"author":1,"featured_media":0,"parent":0,"menu_order":0,"comment_status":"closed","ping_status":"closed","template":"","meta":{"_et_pb_use_builder":"on","_et_pb_old_content":"","_et_gb_content_width":"","footnotes":""},"class_list":["post-122","page","type-page","status-publish","hentry"],"yoast_head":"<!-- This site is optimized with the Yoast SEO plugin v26.6 - https:\/\/yoast.com\/wordpress\/plugins\/seo\/ -->\n<title>animation3d - artpixel.fr<\/title>\n<meta name=\"robots\" content=\"index, follow, max-snippet:-1, max-image-preview:large, max-video-preview:-1\" \/>\n<link rel=\"canonical\" href=\"https:\/\/www.artpixel.fr\/studio\/animation-3d\/\" \/>\n<meta property=\"og:locale\" content=\"fr_FR\" \/>\n<meta property=\"og:type\" content=\"article\" \/>\n<meta property=\"og:title\" content=\"animation3d - artpixel.fr\" \/>\n<meta property=\"og:description\" content=\"animation 3dFort d\u2019une exp\u00e9rience de plus de 25 ans dans la cr\u00e9ation d\u2019images de synth\u00e8ses pour notamment de grands studios broadcast ou de plus petites agences de communication, je suis en mesure de r\u00e9pondre \u00e0 un grand nombre de vos besoins, tout en garantissant un service de qualit\u00e9 accessible \u00e0 tout budjet.\u00a0\" \/>\n<meta property=\"og:url\" content=\"https:\/\/www.artpixel.fr\/studio\/animation-3d\/\" \/>\n<meta property=\"og:site_name\" content=\"artpixel.fr\" \/>\n<meta property=\"article:modified_time\" content=\"2025-08-05T11:21:24+00:00\" \/>\n<meta name=\"twitter:card\" content=\"summary_large_image\" \/>\n<meta name=\"twitter:label1\" content=\"Dur\u00e9e de lecture estim\u00e9e\" \/>\n\t<meta name=\"twitter:data1\" content=\"1 minute\" \/>\n<script type=\"application\/ld+json\" class=\"yoast-schema-graph\">{\"@context\":\"https:\/\/schema.org\",\"@graph\":[{\"@type\":\"WebPage\",\"@id\":\"https:\/\/www.artpixel.fr\/studio\/animation-3d\/\",\"url\":\"https:\/\/www.artpixel.fr\/studio\/animation-3d\/\",\"name\":\"animation3d - artpixel.fr\",\"isPartOf\":{\"@id\":\"https:\/\/www.artpixel.fr\/studio\/#website\"},\"datePublished\":\"2021-09-16T00:11:37+00:00\",\"dateModified\":\"2025-08-05T11:21:24+00:00\",\"breadcrumb\":{\"@id\":\"https:\/\/www.artpixel.fr\/studio\/animation-3d\/#breadcrumb\"},\"inLanguage\":\"fr-FR\",\"potentialAction\":[{\"@type\":\"ReadAction\",\"target\":[\"https:\/\/www.artpixel.fr\/studio\/animation-3d\/\"]}]},{\"@type\":\"BreadcrumbList\",\"@id\":\"https:\/\/www.artpixel.fr\/studio\/animation-3d\/#breadcrumb\",\"itemListElement\":[{\"@type\":\"ListItem\",\"position\":1,\"name\":\"Accueil\",\"item\":\"https:\/\/www.artpixel.fr\/studio\/\"},{\"@type\":\"ListItem\",\"position\":2,\"name\":\"animation3d\"}]},{\"@type\":\"WebSite\",\"@id\":\"https:\/\/www.artpixel.fr\/studio\/#website\",\"url\":\"https:\/\/www.artpixel.fr\/studio\/\",\"name\":\"artpixel.fr\",\"description\":\"studio 3d | visites virtuelles | interactivite\",\"potentialAction\":[{\"@type\":\"SearchAction\",\"target\":{\"@type\":\"EntryPoint\",\"urlTemplate\":\"https:\/\/www.artpixel.fr\/studio\/?s={search_term_string}\"},\"query-input\":{\"@type\":\"PropertyValueSpecification\",\"valueRequired\":true,\"valueName\":\"search_term_string\"}}],\"inLanguage\":\"fr-FR\"}]}<\/script>\n<!-- \/ Yoast SEO plugin. -->","yoast_head_json":{"title":"animation3d - artpixel.fr","robots":{"index":"index","follow":"follow","max-snippet":"max-snippet:-1","max-image-preview":"max-image-preview:large","max-video-preview":"max-video-preview:-1"},"canonical":"https:\/\/www.artpixel.fr\/studio\/animation-3d\/","og_locale":"fr_FR","og_type":"article","og_title":"animation3d - artpixel.fr","og_description":"animation 3dFort d\u2019une exp\u00e9rience de plus de 25 ans dans la cr\u00e9ation d\u2019images de synth\u00e8ses pour notamment de grands studios broadcast ou de plus petites agences de communication, je suis en mesure de r\u00e9pondre \u00e0 un grand nombre de vos besoins, tout en garantissant un service de qualit\u00e9 accessible \u00e0 tout budjet.\u00a0","og_url":"https:\/\/www.artpixel.fr\/studio\/animation-3d\/","og_site_name":"artpixel.fr","article_modified_time":"2025-08-05T11:21:24+00:00","twitter_card":"summary_large_image","twitter_misc":{"Dur\u00e9e de lecture estim\u00e9e":"1 minute"},"schema":{"@context":"https:\/\/schema.org","@graph":[{"@type":"WebPage","@id":"https:\/\/www.artpixel.fr\/studio\/animation-3d\/","url":"https:\/\/www.artpixel.fr\/studio\/animation-3d\/","name":"animation3d - artpixel.fr","isPartOf":{"@id":"https:\/\/www.artpixel.fr\/studio\/#website"},"datePublished":"2021-09-16T00:11:37+00:00","dateModified":"2025-08-05T11:21:24+00:00","breadcrumb":{"@id":"https:\/\/www.artpixel.fr\/studio\/animation-3d\/#breadcrumb"},"inLanguage":"fr-FR","potentialAction":[{"@type":"ReadAction","target":["https:\/\/www.artpixel.fr\/studio\/animation-3d\/"]}]},{"@type":"BreadcrumbList","@id":"https:\/\/www.artpixel.fr\/studio\/animation-3d\/#breadcrumb","itemListElement":[{"@type":"ListItem","position":1,"name":"Accueil","item":"https:\/\/www.artpixel.fr\/studio\/"},{"@type":"ListItem","position":2,"name":"animation3d"}]},{"@type":"WebSite","@id":"https:\/\/www.artpixel.fr\/studio\/#website","url":"https:\/\/www.artpixel.fr\/studio\/","name":"artpixel.fr","description":"studio 3d | visites virtuelles | interactivite","potentialAction":[{"@type":"SearchAction","target":{"@type":"EntryPoint","urlTemplate":"https:\/\/www.artpixel.fr\/studio\/?s={search_term_string}"},"query-input":{"@type":"PropertyValueSpecification","valueRequired":true,"valueName":"search_term_string"}}],"inLanguage":"fr-FR"}]}},"_links":{"self":[{"href":"https:\/\/www.artpixel.fr\/studio\/wp-json\/wp\/v2\/pages\/122","targetHints":{"allow":["GET"]}}],"collection":[{"href":"https:\/\/www.artpixel.fr\/studio\/wp-json\/wp\/v2\/pages"}],"about":[{"href":"https:\/\/www.artpixel.fr\/studio\/wp-json\/wp\/v2\/types\/page"}],"author":[{"embeddable":true,"href":"https:\/\/www.artpixel.fr\/studio\/wp-json\/wp\/v2\/users\/1"}],"replies":[{"embeddable":true,"href":"https:\/\/www.artpixel.fr\/studio\/wp-json\/wp\/v2\/comments?post=122"}],"version-history":[{"count":19,"href":"https:\/\/www.artpixel.fr\/studio\/wp-json\/wp\/v2\/pages\/122\/revisions"}],"predecessor-version":[{"id":346,"href":"https:\/\/www.artpixel.fr\/studio\/wp-json\/wp\/v2\/pages\/122\/revisions\/346"}],"wp:attachment":[{"href":"https:\/\/www.artpixel.fr\/studio\/wp-json\/wp\/v2\/media?parent=122"}],"curies":[{"name":"wp","href":"https:\/\/api.w.org\/{rel}","templated":true}]}}